{"id":286,"date":"2018-08-08T11:53:24","date_gmt":"2018-08-08T10:53:24","guid":{"rendered":"https:\/\/mayermetal.com\/?page_id=286"},"modified":"2018-08-08T17:33:52","modified_gmt":"2018-08-08T16:33:52","slug":"privacy-policy","status":"publish","type":"page","link":"https:\/\/mayermetal.com\/de\/privacy-policy\/","title":{"rendered":"Datenschutzerkl\u00e4rung"},"content":{"rendered":"<p><\/p>\n<h2>Wer wir sind:<\/h2>\n<p>Unsere Website-Adresse ist: https:\/\/mayermetal.com.<\/p>\n<p>Unsere Postanschrift lautet:<\/p>\n<p>Puigmal 6<br \/>\n17487 Empuriabrava<br \/>\nGirona<br \/>\nSpain<\/p>\n<h2>Information \u00fcber die Erhebung personenbezogener Daten bei einer Kontaktaufnahme per E-Mail oder \u00fcber das Kontaktformular<\/h2>\n<p>Wenn Sie uns per E-Mail oder \u00fcber das Kontaktformular \u00fcber unsere Webseite kontaktieren, werden die von Ihnen angegebenen Daten (E-Mail-Adresse, ggfls. Ihr Vor- und Nachname, Ihre Telefonnummer oder weitere von Ihnen mitgeteilte Daten) von uns zur Beantwortung Ihrer Fragen verarbeitet (Rechtsgrundlage ist Art. 6 Abs. 1 S. 1 lit. b DS-GVO bzw. Art. 6 Abs. 1 S. 1 lit. f DS-GVO). Die im Zusammenhang mit der Kontaktaufnahme anfallenden Daten l\u00f6schen wir, nachdem die Speicherung nicht mehr erforderlich ist oder schr\u00e4nken die Verarbeitung ein, falls gesetzliche Aufbewahrungspflichten bestehen.<\/p>\n<h3>Cookies<\/h3>\n<p>Wenn Sie unsere Website nutzen, werden auch Cookies auf Ihrem Computer gespeichert, d.h. kleine Textdateien, die auf Ihrer Festplatte gespeichert und dem von Ihnen verwendeten Browser zugeordnet werden und \u00fcber die bestimmte Informationen als Cookies an uns gesendet werden. Wir verwenden Cookies, um unsere Website benutzerfreundlicher und effektiver zu gestalten (Rechtsgrundlage hierf\u00fcr ist Art. 6(1)(f) BIPR).<\/p>\n<p>Auf unserer Website verwenden wir transiente Cookies, wie z.B. Session-Cookies, die eine Session-ID speichern. Hiermit k\u00f6nnen verschiedene Anfragen Ihres Browsers der gemeinsamen Sitzung zugeordnet werden, so dass Ihr Computer bei einem erneuten Besuch unserer Website wieder erkannt werden kann. Session-Cookies und transiente Cookies werden gel\u00f6scht, wenn Sie Ihren Browser schlie\u00dfen oder sich abmelden.<\/p>\n<p>Sie k\u00f6nnen die Annahme von Cookies Dritter oder aller Cookies verhindern, indem Sie z.B. die entsprechenden Einstellungen in Ihrem Browser vornehmen. Dies kann jedoch dazu f\u00fchren, dass Sie nicht alle Funktionen unserer Website nutzen k\u00f6nnen.<\/p>\n<p><strong>Sie haben die folgenden Rechte in Bezug auf die Sie betreffenden personenbezogenen Daten:<\/strong><\/p>\n<ul>\n<li>Sie k\u00f6nnen von uns die Best\u00e4tigung verlangen, ob wir personenbezogene Daten \u00fcber Sie verarbeiten, und wenn dies der Fall ist, haben Sie ein Auskunftsrecht \u00fcber diese personenbezogenen Daten und \u00fcber die in Art. 15 GDPR im Detail.<\/li>\n<li>Gem\u00e4\u00df Artikel 16 GDPR haben Sie das Recht, die sofortige Berichtigung unrichtiger personenbezogener Daten, die Sie betreffen, und gegebenenfalls die Erg\u00e4nzung unvollst\u00e4ndiger personenbezogener Daten zu verlangen.<\/li>\n<li>Sie haben das Recht, die L\u00f6schung Ihrer personenbezogenen Daten unverz\u00fcglich zu verlangen, sofern einer der in Art. 17 GDPR gilt im Detail<\/li>\n<li>Sie haben das Recht zu verlangen, dass die Verarbeitung eingeschr\u00e4nkt wird, wenn eine der in Art. 18 GDPR ist erf\u00fcllt<\/li>\n<li>Wenn die Anforderungen von Art. 20 GDPR erf\u00fcllt sind, haben Sie das Recht, die Daten\u00fcbertragung anzufordern.<\/li>\n<li>Nach Art. 21 GDPR haben Sie ein Widerspruchsrecht gegen die Verarbeitung, die auf Art. 6(1)(1)(f) BIPR. Die Verarbeitung erfolgt nach Art. 6(1)(1)(f) GDPR, wenn z.B. die Verarbeitung nicht zur Erf\u00fcllung eines Vertrages notwendig ist, sondern auf einem Interessenausgleich beruht.<\/li>\n<li>Wenn wir Ihre Daten aufgrund Ihrer Einwilligung verarbeiten, k\u00f6nnen Sie diese jederzeit widerrufen. Dieser Widerruf hat keinen Einfluss auf die Rechtm\u00e4\u00dfigkeit der aufgrund der Einwilligung erfolgten Verarbeitung bis zum Widerruf, d.h. der Widerruf wirkt sich erst dann auf die Rechtm\u00e4\u00dfigkeit der Verarbeitung Ihrer personenbezogenen Daten aus, wenn er uns gegen\u00fcber erkl\u00e4rt wurde.<\/li>\n<li>Sie haben auch das Recht, sich an eine Aufsichtsbeh\u00f6rde zu wenden, wenn Sie der Meinung sind, dass die Verarbeitung Ihrer pers\u00f6nlichen Daten gegen die GDPR verst\u00f6\u00dft (Art. 77 GDPR). Sie k\u00f6nnen dieses Recht vor einer Aufsichtsbeh\u00f6rde in dem Mitgliedstaat aus\u00fcben, in dem Sie sich aufhalten, arbeiten oder in dem der Verdacht auf einen Versto\u00df besteht.<\/li>\n<\/ul>\n<p><\/p>","protected":false},"excerpt":{"rendered":"<p>Wer wir sind: Unsere Website-Adresse ist: https:\/\/mayermetal.com. Unsere Postanschrift lautet: Puigmal 6 17487 Empuriabrava Girona Spain Information \u00fcber die Erhebung &hellip; <\/p>\n","protected":false},"author":1,"featured_media":0,"parent":0,"menu_order":0,"comment_status":"closed","ping_status":"closed","template":"","meta":{"footnotes":""},"class_list":["post-286","page","type-page","status-publish","hentry"],"yoast_head":"<!-- This site is optimized with the Yoast SEO plugin v25.3.1 - https:\/\/yoast.com\/wordpress\/plugins\/seo\/ -->\n<title>Datenschutzerkl\u00e4rung - Mayer Metals, Empuriabrava<\/title>\n<meta name=\"robots\" content=\"index, follow, max-snippet:-1, max-image-preview:large, max-video-preview:-1\" \/>\n<link rel=\"canonical\" href=\"https:\/\/mayermetal.com\/privacy-policy\/\" \/>\n<meta property=\"og:locale\" content=\"de_DE\" \/>\n<meta property=\"og:type\" content=\"article\" \/>\n<meta property=\"og:title\" content=\"[:de]Datenschutzerkl\u00e4rung[:en]Privacy Policy[:] - Mayer Metals, Empuriabrava\" \/>\n<meta property=\"og:description\" content=\"Wer wir sind: Unsere Website-Adresse ist: https:\/\/mayermetal.com. Unsere Postanschrift lautet: Puigmal 6 17487 Empuriabrava Girona Spain Information \u00fcber die Erhebung &hellip;\" \/>\n<meta property=\"og:url\" content=\"https:\/\/mayermetal.com\/privacy-policy\/\" \/>\n<meta property=\"og:site_name\" content=\"Mayer Metals, Empuriabrava\" \/>\n<meta property=\"article:modified_time\" content=\"2018-08-08T16:33:52+00:00\" \/>\n<meta name=\"twitter:label1\" content=\"Gesch\u00e4tzte Lesezeit\" \/>\n\t<meta name=\"twitter:data1\" content=\"6\u00a0Minuten\" \/>\n<script type=\"application\/ld+json\" class=\"yoast-schema-graph\">{\"@context\":\"https:\/\/schema.org\",\"@graph\":[{\"@type\":\"WebPage\",\"@id\":\"https:\/\/mayermetal.com\/privacy-policy\/\",\"url\":\"https:\/\/mayermetal.com\/privacy-policy\/\",\"name\":\"[:de]Datenschutzerkl\u00e4rung[:en]Privacy Policy[:] - Mayer Metals, Empuriabrava\",\"isPartOf\":{\"@id\":\"https:\/\/mayermetal.com\/#website\"},\"datePublished\":\"2018-08-08T10:53:24+00:00\",\"dateModified\":\"2018-08-08T16:33:52+00:00\",\"inLanguage\":\"de\",\"potentialAction\":[{\"@type\":\"ReadAction\",\"target\":[\"https:\/\/mayermetal.com\/privacy-policy\/\"]}]},{\"@type\":\"WebSite\",\"@id\":\"https:\/\/mayermetal.com\/#website\",\"url\":\"https:\/\/mayermetal.com\/\",\"name\":\"Mayer Metals, Empuriabrava\",\"description\":\"Schlosserei | Welders | Cerrrajeria\",\"potentialAction\":[{\"@type\":\"SearchAction\",\"target\":{\"@type\":\"EntryPoint\",\"urlTemplate\":\"https:\/\/mayermetal.com\/?s={search_term_string}\"},\"query-input\":{\"@type\":\"PropertyValueSpecification\",\"valueRequired\":true,\"valueName\":\"search_term_string\"}}],\"inLanguage\":\"de\"}]}<\/script>\n<!-- \/ Yoast SEO plugin. -->","yoast_head_json":{"title":"[:de]Datenschutzerkl\u00e4rung[:en]Privacy Policy[:] - Mayer Metals, Empuriabrava","robots":{"index":"index","follow":"follow","max-snippet":"max-snippet:-1","max-image-preview":"max-image-preview:large","max-video-preview":"max-video-preview:-1"},"canonical":"https:\/\/mayermetal.com\/privacy-policy\/","og_locale":"de_DE","og_type":"article","og_title":"[:de]Datenschutzerkl\u00e4rung[:en]Privacy Policy[:] - Mayer Metals, Empuriabrava","og_description":"Wer wir sind: Unsere Website-Adresse ist: https:\/\/mayermetal.com. Unsere Postanschrift lautet: Puigmal 6 17487 Empuriabrava Girona Spain Information \u00fcber die Erhebung &hellip;","og_url":"https:\/\/mayermetal.com\/privacy-policy\/","og_site_name":"Mayer Metals, Empuriabrava","article_modified_time":"2018-08-08T16:33:52+00:00","twitter_misc":{"Gesch\u00e4tzte Lesezeit":"6\u00a0Minuten"},"schema":{"@context":"https:\/\/schema.org","@graph":[{"@type":"WebPage","@id":"https:\/\/mayermetal.com\/privacy-policy\/","url":"https:\/\/mayermetal.com\/privacy-policy\/","name":"[:de]Datenschutzerkl\u00e4rung[:en]Privacy Policy[:] - Mayer Metals, Empuriabrava","isPartOf":{"@id":"https:\/\/mayermetal.com\/#website"},"datePublished":"2018-08-08T10:53:24+00:00","dateModified":"2018-08-08T16:33:52+00:00","inLanguage":"de","potentialAction":[{"@type":"ReadAction","target":["https:\/\/mayermetal.com\/privacy-policy\/"]}]},{"@type":"WebSite","@id":"https:\/\/mayermetal.com\/#website","url":"https:\/\/mayermetal.com\/","name":"Mayer Metals, Empuriabrava","description":"Schlosserei | Welders | Cerrrajeria","potentialAction":[{"@type":"SearchAction","target":{"@type":"EntryPoint","urlTemplate":"https:\/\/mayermetal.com\/?s={search_term_string}"},"query-input":{"@type":"PropertyValueSpecification","valueRequired":true,"valueName":"search_term_string"}}],"inLanguage":"de"}]}},"_links":{"self":[{"href":"https:\/\/mayermetal.com\/de\/wp-json\/wp\/v2\/pages\/286","targetHints":{"allow":["GET"]}}],"collection":[{"href":"https:\/\/mayermetal.com\/de\/wp-json\/wp\/v2\/pages"}],"about":[{"href":"https:\/\/mayermetal.com\/de\/wp-json\/wp\/v2\/types\/page"}],"author":[{"embeddable":true,"href":"https:\/\/mayermetal.com\/de\/wp-json\/wp\/v2\/users\/1"}],"replies":[{"embeddable":true,"href":"https:\/\/mayermetal.com\/de\/wp-json\/wp\/v2\/comments?post=286"}],"version-history":[{"count":5,"href":"https:\/\/mayermetal.com\/de\/wp-json\/wp\/v2\/pages\/286\/revisions"}],"predecessor-version":[{"id":297,"href":"https:\/\/mayermetal.com\/de\/wp-json\/wp\/v2\/pages\/286\/revisions\/297"}],"wp:attachment":[{"href":"https:\/\/mayermetal.com\/de\/wp-json\/wp\/v2\/media?parent=286"}],"curies":[{"name":"wp","href":"https:\/\/api.w.org\/{rel}","templated":true}]}}