{"id":2,"date":"2009-09-22T16:29:43","date_gmt":"2009-09-22T15:29:43","guid":{"rendered":"https:\/\/mayermetal.com\/?page_id=2"},"modified":"2018-08-08T15:02:19","modified_gmt":"2018-08-08T14:02:19","slug":"about","status":"publish","type":"page","link":"https:\/\/mayermetal.com\/de\/","title":{"rendered":"Start"},"content":{"rendered":"<p><\/p>\n<h3>Wenn es um Metallarbeiten geht, sind Sie bei Schlosserei Mayer richtig.<\/h3>\n<p>Jeder Arbeiter hat mehr als 20 Jahre Erfahrung in unserem Fachbereich.<br \/>\nWir hab fuer alle Anforderungen eine professionelle L\u00f6sung.<\/p>\n<p>Generell \/ METALL ARBEITEN aller Art.<\/p>\n<ul>\n<li>Gitter-T\u00fcren, Schiebe-Tore, Fenster-Gitter, Eingang-Tore.<\/li>\n<li>Zaun-Elemente, Treppen, Gel\u00e4nder.<\/li>\n<li>Car-Ports und D\u00e4cher.<\/li>\n<li>Abdeckungen , Blecharbeiten.<\/li>\n<li>Garagen-Tore (Sektional), Winter-G\u00e4rten.<\/li>\n<li>Pool-Abdeckungen (ineinander Schiebbar).<\/li>\n<li>Haus-Schliessanlagen.<\/li>\n<li>Nat\u00fcrlich fueren wir auch Reparaturen aus.<\/li>\n<\/ul>\n<div id='gallery-1' class='gallery galleryid-2 gallery-columns-3 gallery-size-medium'><figure class='gallery-item'>\n\t\t\t<div class='gallery-icon landscape'>\n\t\t\t\t<a href='https:\/\/mayermetal.com\/wp-content\/uploads\/Chris1.jpg'><img loading=\"lazy\" decoding=\"async\" width=\"300\" height=\"234\" src=\"https:\/\/mayermetal.com\/wp-content\/uploads\/Chris1-300x234.jpg\" class=\"attachment-medium size-medium\" alt=\"\" srcset=\"https:\/\/mayermetal.com\/wp-content\/uploads\/Chris1-300x234.jpg 300w, https:\/\/mayermetal.com\/wp-content\/uploads\/Chris1-150x117.jpg 150w, https:\/\/mayermetal.com\/wp-content\/uploads\/Chris1.jpg 400w\" sizes=\"auto, (max-width: 300px) 100vw, 300px\" \/><\/a>\n\t\t\t<\/div><\/figure><figure class='gallery-item'>\n\t\t\t<div class='gallery-icon landscape'>\n\t\t\t\t<a href='https:\/\/mayermetal.com\/wp-content\/uploads\/the-team021.jpg'><img loading=\"lazy\" decoding=\"async\" width=\"300\" height=\"216\" src=\"https:\/\/mayermetal.com\/wp-content\/uploads\/the-team021-300x216.jpg\" class=\"attachment-medium size-medium\" alt=\"\" srcset=\"https:\/\/mayermetal.com\/wp-content\/uploads\/the-team021-300x216.jpg 300w, https:\/\/mayermetal.com\/wp-content\/uploads\/the-team021-150x108.jpg 150w, https:\/\/mayermetal.com\/wp-content\/uploads\/the-team021.jpg 356w\" sizes=\"auto, (max-width: 300px) 100vw, 300px\" \/><\/a>\n\t\t\t<\/div><\/figure><figure class='gallery-item'>\n\t\t\t<div class='gallery-icon landscape'>\n\t\t\t\t<a href='https:\/\/mayermetal.com\/wp-content\/uploads\/structure041.jpg'><img loading=\"lazy\" decoding=\"async\" width=\"300\" height=\"214\" src=\"https:\/\/mayermetal.com\/wp-content\/uploads\/structure041-300x214.jpg\" class=\"attachment-medium size-medium\" alt=\"\" srcset=\"https:\/\/mayermetal.com\/wp-content\/uploads\/structure041-300x214.jpg 300w, https:\/\/mayermetal.com\/wp-content\/uploads\/structure041-150x107.jpg 150w, https:\/\/mayermetal.com\/wp-content\/uploads\/structure041.jpg 545w\" sizes=\"auto, (max-width: 300px) 100vw, 300px\" \/><\/a>\n\t\t\t<\/div><\/figure><figure class='gallery-item'>\n\t\t\t<div class='gallery-icon landscape'>\n\t\t\t\t<a href='https:\/\/mayermetal.com\/wp-content\/uploads\/structure031.jpg'><img loading=\"lazy\" decoding=\"async\" width=\"300\" height=\"185\" src=\"https:\/\/mayermetal.com\/wp-content\/uploads\/structure031-300x185.jpg\" class=\"attachment-medium size-medium\" alt=\"\" srcset=\"https:\/\/mayermetal.com\/wp-content\/uploads\/structure031-300x185.jpg 300w, https:\/\/mayermetal.com\/wp-content\/uploads\/structure031-150x92.jpg 150w, https:\/\/mayermetal.com\/wp-content\/uploads\/structure031.jpg 595w\" sizes=\"auto, (max-width: 300px) 100vw, 300px\" \/><\/a>\n\t\t\t<\/div><\/figure><figure class='gallery-item'>\n\t\t\t<div class='gallery-icon landscape'>\n\t\t\t\t<a href='https:\/\/mayermetal.com\/wp-content\/uploads\/structure011.jpg'><img loading=\"lazy\" decoding=\"async\" width=\"300\" height=\"162\" src=\"https:\/\/mayermetal.com\/wp-content\/uploads\/structure011-300x162.jpg\" class=\"attachment-medium size-medium\" alt=\"\" srcset=\"https:\/\/mayermetal.com\/wp-content\/uploads\/structure011-300x162.jpg 300w, https:\/\/mayermetal.com\/wp-content\/uploads\/structure011-150x81.jpg 150w, https:\/\/mayermetal.com\/wp-content\/uploads\/structure011.jpg 498w\" sizes=\"auto, (max-width: 300px) 100vw, 300px\" \/><\/a>\n\t\t\t<\/div><\/figure><figure class='gallery-item'>\n\t\t\t<div class='gallery-icon portrait'>\n\t\t\t\t<a href='https:\/\/mayermetal.com\/wp-content\/uploads\/steps011.jpg'><img loading=\"lazy\" decoding=\"async\" width=\"237\" height=\"300\" src=\"https:\/\/mayermetal.com\/wp-content\/uploads\/steps011-237x300.jpg\" class=\"attachment-medium size-medium\" alt=\"\" srcset=\"https:\/\/mayermetal.com\/wp-content\/uploads\/steps011-237x300.jpg 237w, https:\/\/mayermetal.com\/wp-content\/uploads\/steps011-118x150.jpg 118w, https:\/\/mayermetal.com\/wp-content\/uploads\/steps011.jpg 271w\" sizes=\"auto, (max-width: 237px) 100vw, 237px\" \/><\/a>\n\t\t\t<\/div><\/figure>\n\t\t<\/div>\n\n<p>Wir liefern und montieren aus Automatische Antriebe fuer alle Tor Arten.<\/p>\n<p>Durch das Verzinken erhalten die Arbeiten einen Langj\u00e4hrigen Schutz,<br \/>\ngegen die Witterung und Rost.<\/p>\n<p>Wir designen f\u00fcr Sie , Ausstellungs-St\u00fccke sowie Einrichtungs-Gegenst\u00e4nde.<br \/>\n(Tische, Regale, Sofas\u2026.)<\/p>\n<p>Wir fertigen nat\u00fcrlich auch alle Arbeiten in Edel-Stahl, INOX.<\/p>\n<p>Sie k\u00f6nnen sich Anregungen auf unserer Galerie web Seite holen.<\/p>\n<p>Wir sprechen Deutsch, Englisch und Spanisch.<\/p>\n<p>Bitte rufen Sie uns an oder f\u00fcllen Sie das Formular auf <a href=\"https:\/\/mayermetal.com\/kontakt\/?lang=de\">der Kontakt-Seite<\/a> aus.<\/p>\n<p>Damit wir weiteres bei einem Treffen pers\u00f6nlich besprechen k\u00f6nnen.<\/p>","protected":false},"excerpt":{"rendered":"<p>Wenn es um Metallarbeiten geht, sind Sie bei Schlosserei Mayer richtig. Jeder Arbeiter hat mehr als 20 Jahre Erfahrung in &hellip; <\/p>\n","protected":false},"author":1,"featured_media":0,"parent":0,"menu_order":0,"comment_status":"closed","ping_status":"closed","template":"","meta":{"footnotes":""},"class_list":["post-2","page","type-page","status-publish","hentry"],"yoast_head":"<!-- This site is optimized with the Yoast SEO plugin v25.3.1 - https:\/\/yoast.com\/wordpress\/plugins\/seo\/ -->\n<title>Start - Mayer Metals, Empuriabrava<\/title>\n<meta name=\"robots\" content=\"index, follow, max-snippet:-1, max-image-preview:large, max-video-preview:-1\" \/>\n<link rel=\"canonical\" href=\"https:\/\/mayermetal.com\/\" \/>\n<meta property=\"og:locale\" content=\"de_DE\" \/>\n<meta property=\"og:type\" content=\"article\" \/>\n<meta property=\"og:title\" content=\"[:de]Start[:en]About Us[:] - Mayer Metals, Empuriabrava\" \/>\n<meta property=\"og:description\" content=\"Wenn es um Metallarbeiten geht, sind Sie bei Schlosserei Mayer richtig. Jeder Arbeiter hat mehr als 20 Jahre Erfahrung in &hellip;\" \/>\n<meta property=\"og:url\" content=\"https:\/\/mayermetal.com\/\" \/>\n<meta property=\"og:site_name\" content=\"Mayer Metals, Empuriabrava\" \/>\n<meta property=\"article:modified_time\" content=\"2018-08-08T14:02:19+00:00\" \/>\n<meta property=\"og:image\" content=\"https:\/\/mayermetal.com\/wp-content\/uploads\/Chris1-300x234.jpg\" \/>\n<meta name=\"twitter:label1\" content=\"Gesch\u00e4tzte Lesezeit\" \/>\n\t<meta name=\"twitter:data1\" content=\"1\u00a0Minute\" \/>\n<script type=\"application\/ld+json\" class=\"yoast-schema-graph\">{\"@context\":\"https:\/\/schema.org\",\"@graph\":[{\"@type\":\"WebPage\",\"@id\":\"https:\/\/mayermetal.com\/\",\"url\":\"https:\/\/mayermetal.com\/\",\"name\":\"[:de]Start[:en]About Us[:] - Mayer Metals, Empuriabrava\",\"isPartOf\":{\"@id\":\"https:\/\/mayermetal.com\/#website\"},\"datePublished\":\"2009-09-22T15:29:43+00:00\",\"dateModified\":\"2018-08-08T14:02:19+00:00\",\"inLanguage\":\"de\",\"potentialAction\":[{\"@type\":\"ReadAction\",\"target\":[\"https:\/\/mayermetal.com\/\"]}]},{\"@type\":\"WebSite\",\"@id\":\"https:\/\/mayermetal.com\/#website\",\"url\":\"https:\/\/mayermetal.com\/\",\"name\":\"Mayer Metals, Empuriabrava\",\"description\":\"Schlosserei | Welders | Cerrrajeria\",\"potentialAction\":[{\"@type\":\"SearchAction\",\"target\":{\"@type\":\"EntryPoint\",\"urlTemplate\":\"https:\/\/mayermetal.com\/?s={search_term_string}\"},\"query-input\":{\"@type\":\"PropertyValueSpecification\",\"valueRequired\":true,\"valueName\":\"search_term_string\"}}],\"inLanguage\":\"de\"}]}<\/script>\n<!-- \/ Yoast SEO plugin. -->","yoast_head_json":{"title":"[:de]Start[:en]About Us[:] - Mayer Metals, Empuriabrava","robots":{"index":"index","follow":"follow","max-snippet":"max-snippet:-1","max-image-preview":"max-image-preview:large","max-video-preview":"max-video-preview:-1"},"canonical":"https:\/\/mayermetal.com\/","og_locale":"de_DE","og_type":"article","og_title":"[:de]Start[:en]About Us[:] - Mayer Metals, Empuriabrava","og_description":"Wenn es um Metallarbeiten geht, sind Sie bei Schlosserei Mayer richtig. Jeder Arbeiter hat mehr als 20 Jahre Erfahrung in &hellip;","og_url":"https:\/\/mayermetal.com\/","og_site_name":"Mayer Metals, Empuriabrava","article_modified_time":"2018-08-08T14:02:19+00:00","og_image":[{"url":"https:\/\/mayermetal.com\/wp-content\/uploads\/Chris1-300x234.jpg","type":"","width":"","height":""}],"twitter_misc":{"Gesch\u00e4tzte Lesezeit":"1\u00a0Minute"},"schema":{"@context":"https:\/\/schema.org","@graph":[{"@type":"WebPage","@id":"https:\/\/mayermetal.com\/","url":"https:\/\/mayermetal.com\/","name":"[:de]Start[:en]About Us[:] - Mayer Metals, Empuriabrava","isPartOf":{"@id":"https:\/\/mayermetal.com\/#website"},"datePublished":"2009-09-22T15:29:43+00:00","dateModified":"2018-08-08T14:02:19+00:00","inLanguage":"de","potentialAction":[{"@type":"ReadAction","target":["https:\/\/mayermetal.com\/"]}]},{"@type":"WebSite","@id":"https:\/\/mayermetal.com\/#website","url":"https:\/\/mayermetal.com\/","name":"Mayer Metals, Empuriabrava","description":"Schlosserei | Welders | Cerrrajeria","potentialAction":[{"@type":"SearchAction","target":{"@type":"EntryPoint","urlTemplate":"https:\/\/mayermetal.com\/?s={search_term_string}"},"query-input":{"@type":"PropertyValueSpecification","valueRequired":true,"valueName":"search_term_string"}}],"inLanguage":"de"}]}},"_links":{"self":[{"href":"https:\/\/mayermetal.com\/de\/wp-json\/wp\/v2\/pages\/2","targetHints":{"allow":["GET"]}}],"collection":[{"href":"https:\/\/mayermetal.com\/de\/wp-json\/wp\/v2\/pages"}],"about":[{"href":"https:\/\/mayermetal.com\/de\/wp-json\/wp\/v2\/types\/page"}],"author":[{"embeddable":true,"href":"https:\/\/mayermetal.com\/de\/wp-json\/wp\/v2\/users\/1"}],"replies":[{"embeddable":true,"href":"https:\/\/mayermetal.com\/de\/wp-json\/wp\/v2\/comments?post=2"}],"version-history":[{"count":6,"href":"https:\/\/mayermetal.com\/de\/wp-json\/wp\/v2\/pages\/2\/revisions"}],"predecessor-version":[{"id":294,"href":"https:\/\/mayermetal.com\/de\/wp-json\/wp\/v2\/pages\/2\/revisions\/294"}],"wp:attachment":[{"href":"https:\/\/mayermetal.com\/de\/wp-json\/wp\/v2\/media?parent=2"}],"curies":[{"name":"wp","href":"https:\/\/api.w.org\/{rel}","templated":true}]}}